{"id":71,"date":"2026-04-28T16:31:43","date_gmt":"2026-04-28T16:31:43","guid":{"rendered":"https:\/\/pwmercury.pl\/?page_id=71"},"modified":"2026-04-28T21:31:58","modified_gmt":"2026-04-28T21:31:58","slug":"dotacje","status":"publish","type":"page","link":"https:\/\/pwmercury.pl\/en\/dotacje\/","title":{"rendered":"Projekty unijne"},"content":{"rendered":"<figure class=\"wp-block-image size-large\"><img loading=\"lazy\" decoding=\"async\" width=\"1024\" height=\"188\" src=\"https:\/\/pwmercury.pl\/wp-content\/uploads\/2026\/04\/image-1024x188.png\" alt=\"\" class=\"wp-image-72\" srcset=\"https:\/\/pwmercury.pl\/wp-content\/uploads\/2026\/04\/image-1024x188.png 1024w, https:\/\/pwmercury.pl\/wp-content\/uploads\/2026\/04\/image-300x55.png 300w, https:\/\/pwmercury.pl\/wp-content\/uploads\/2026\/04\/image-768x141.png 768w, https:\/\/pwmercury.pl\/wp-content\/uploads\/2026\/04\/image-1536x281.png 1536w, https:\/\/pwmercury.pl\/wp-content\/uploads\/2026\/04\/image-18x3.png 18w, https:\/\/pwmercury.pl\/wp-content\/uploads\/2026\/04\/image.png 1752w\" sizes=\"auto, (max-width: 1024px) 100vw, 1024px\" \/><\/figure>\n\n\n\n<p><strong>MERCURY HM Sp<\/strong><strong>\u00f3<\/strong><strong>\u0142ka z o.o., S. K. oraz<br>Sie<\/strong><strong>\u0107<\/strong><strong>Badawcza \u0141ukasiewicz <\/strong><strong>\u2013<\/strong><strong>Instytut Metali Nie<\/strong><strong>\u017c<\/strong><strong>elaznych<br>realizuje projekt dofinansowany z Funduszy Europejskich<br><\/strong><strong>\u201e<\/strong><strong>Opracowanie innowacyjnej technologii rozdzia\u0142u granulat<\/strong><strong>\u00f3<\/strong><strong>w kabli miedzianych pochodz<\/strong><strong>\u0105<\/strong><strong>cych z recyklingu na czysta<\/strong><strong>\u0328<\/strong><strong>miedz (Cu) oraz pobia\u0142 (CuSn) poprzez zastosowanie hybrydowych metod separacji mechanicznej<\/strong><strong>\u201e<\/strong><\/p>\n\n\n\n<h2 class=\"wp-block-heading\">Celem projektu jest opracowanie innowacyjnej technologii przetwarzania granulat\u00f3w powsta\u0142ych z przewod\u00f3w i kabli miedzianych za pomoc\u0105\u0328 mechanicznego wzbogacania poprzez automatyzacje\u0328 procesu z eliminacja\u0328 przerw technologicznych. Technologia w postaci pilotowej linii pozwoli na wydzielenie recyklatu polimerowego, a nast\u0119pnie wysokojako\u015bciowego granulatu miedzi czerwonej (>99% Cu) z mieszaniny granulat\u00f3w miedzi (czerwonej i pocynowanej) przy spe\u0142nieniu za\u0142o\u017ce\u0144 gospodarki o\u00a0obiegu zamkni\u0119tym.<\/h2>\n\n\n\n<p class=\"has-text-align-center\"><strong>Dofinansowanie projektu z UE: 5 091 678.00 z\u0142<\/strong><\/p>\n\n\n\n<p><\/p>\n\n\n\n<figure class=\"wp-block-image size-large\"><img loading=\"lazy\" decoding=\"async\" width=\"1024\" height=\"192\" src=\"https:\/\/pwmercury.pl\/wp-content\/uploads\/2026\/04\/image-1-1024x192.png\" alt=\"\" class=\"wp-image-73\" srcset=\"https:\/\/pwmercury.pl\/wp-content\/uploads\/2026\/04\/image-1-1024x192.png 1024w, https:\/\/pwmercury.pl\/wp-content\/uploads\/2026\/04\/image-1-300x56.png 300w, https:\/\/pwmercury.pl\/wp-content\/uploads\/2026\/04\/image-1-768x144.png 768w, https:\/\/pwmercury.pl\/wp-content\/uploads\/2026\/04\/image-1-1536x287.png 1536w, https:\/\/pwmercury.pl\/wp-content\/uploads\/2026\/04\/image-1-18x3.png 18w, https:\/\/pwmercury.pl\/wp-content\/uploads\/2026\/04\/image-1.png 1753w\" sizes=\"auto, (max-width: 1024px) 100vw, 1024px\" \/><\/figure>\n\n\n\n<p><\/p>\n\n\n\n<p><\/p>","protected":false},"excerpt":{"rendered":"<p>MERCURY HM Sp\u00f3\u0142ka z o.o., S. K. orazSie\u0107Badawcza \u0141ukasiewicz \u2013Instytut Metali Nie\u017celaznychrealizuje projekt dofinansowany z Funduszy Europejskich\u201eOpracowanie innowacyjnej technologii rozdzia\u0142u granulat\u00f3w kabli miedzianych pochodz\u0105cych z recyklingu na czysta\u0328miedz (Cu) oraz pobia\u0142 (CuSn) poprzez zastosowanie hybrydowych metod separacji mechanicznej\u201e Celem projektu jest opracowanie innowacyjnej technologii przetwarzania granulat\u00f3w powsta\u0142ych z przewod\u00f3w i [&hellip;]<\/p>\n","protected":false},"author":1,"featured_media":0,"parent":0,"menu_order":0,"comment_status":"closed","ping_status":"closed","template":"","meta":{"_themeisle_gutenberg_block_has_review":false,"footnotes":""},"class_list":["post-71","page","type-page","status-publish","hentry"],"_links":{"self":[{"href":"https:\/\/pwmercury.pl\/en\/wp-json\/wp\/v2\/pages\/71","targetHints":{"allow":["GET"]}}],"collection":[{"href":"https:\/\/pwmercury.pl\/en\/wp-json\/wp\/v2\/pages"}],"about":[{"href":"https:\/\/pwmercury.pl\/en\/wp-json\/wp\/v2\/types\/page"}],"author":[{"embeddable":true,"href":"https:\/\/pwmercury.pl\/en\/wp-json\/wp\/v2\/users\/1"}],"replies":[{"embeddable":true,"href":"https:\/\/pwmercury.pl\/en\/wp-json\/wp\/v2\/comments?post=71"}],"version-history":[{"count":4,"href":"https:\/\/pwmercury.pl\/en\/wp-json\/wp\/v2\/pages\/71\/revisions"}],"predecessor-version":[{"id":79,"href":"https:\/\/pwmercury.pl\/en\/wp-json\/wp\/v2\/pages\/71\/revisions\/79"}],"wp:attachment":[{"href":"https:\/\/pwmercury.pl\/en\/wp-json\/wp\/v2\/media?parent=71"}],"curies":[{"name":"wp","href":"https:\/\/api.w.org\/{rel}","templated":true}]}}